{"id":67,"date":"2023-05-02T11:00:32","date_gmt":"2023-05-02T09:00:32","guid":{"rendered":"https:\/\/drlaurov.sk\/?page_id=67"},"modified":"2023-05-02T11:00:33","modified_gmt":"2023-05-02T09:00:33","slug":"dokumenty","status":"publish","type":"page","link":"https:\/\/drlaurov.sk\/?page_id=67","title":{"rendered":"Dokumenty"},"content":{"rendered":"\n<div class=\"wp-block-file\"><a id=\"wp-block-file--media-576c4fde-2f72-4032-a1f9-d20afcea29a8\" href=\"https:\/\/drlaurov.sk\/wp-content\/uploads\/2023\/05\/DOHODA-O-poskytovani-1.docx\">DOHODA-O-poskytovani-1<\/a><a href=\"https:\/\/drlaurov.sk\/wp-content\/uploads\/2023\/05\/DOHODA-O-poskytovani-1.docx\" class=\"wp-block-file__button wp-element-button\" download aria-describedby=\"wp-block-file--media-576c4fde-2f72-4032-a1f9-d20afcea29a8\">Stiahnu\u0165<\/a><\/div>\n\n\n\n<div class=\"wp-block-file\"><a id=\"wp-block-file--media-00269682-bcf9-4e0c-a80e-6163a5b7a332\" href=\"https:\/\/drlaurov.sk\/wp-content\/uploads\/2023\/05\/ODSTUPENIE-OD-DOHODY.docx\">ODSTUPENIE-OD-DOHODY<\/a><a href=\"https:\/\/drlaurov.sk\/wp-content\/uploads\/2023\/05\/ODSTUPENIE-OD-DOHODY.docx\" class=\"wp-block-file__button wp-element-button\" download aria-describedby=\"wp-block-file--media-00269682-bcf9-4e0c-a80e-6163a5b7a332\">Stiahnu\u0165<\/a><\/div>\n\n\n\n<div class=\"wp-block-file\"><a id=\"wp-block-file--media-bdf5f1e9-7ad8-4dd1-a501-ab5b6e761e80\" href=\"https:\/\/drlaurov.sk\/wp-content\/uploads\/2023\/05\/Vseobecne-podmienky-pre-poskytovanie-z-dravotnej-starostlivosti_final-1-1.docx\">Vseobecne-podmienky-pre-poskytovanie-z-dravotnej-starostlivosti_final-1-1<\/a><a href=\"https:\/\/drlaurov.sk\/wp-content\/uploads\/2023\/05\/Vseobecne-podmienky-pre-poskytovanie-z-dravotnej-starostlivosti_final-1-1.docx\" class=\"wp-block-file__button wp-element-button\" download aria-describedby=\"wp-block-file--media-bdf5f1e9-7ad8-4dd1-a501-ab5b6e761e80\">Stiahnu\u0165<\/a><\/div>\n","protected":false},"excerpt":{"rendered":"","protected":false},"author":1,"featured_media":0,"parent":0,"menu_order":0,"comment_status":"closed","ping_status":"closed","template":"","meta":{"_mi_skip_tracking":false},"yoast_head":"<!-- This site is optimized with the Yoast SEO plugin v20.5 - https:\/\/yoast.com\/wordpress\/plugins\/seo\/ -->\n<title>Dokumenty - Dr. Laurov<\/title>\n<meta name=\"robots\" content=\"index, follow, max-snippet:-1, max-image-preview:large, max-video-preview:-1\" \/>\n<link rel=\"canonical\" href=\"https:\/\/drlaurov.sk\/?page_id=67\" \/>\n<meta property=\"og:locale\" content=\"sk_SK\" \/>\n<meta property=\"og:type\" content=\"article\" \/>\n<meta property=\"og:title\" content=\"Dokumenty - Dr. Laurov\" \/>\n<meta property=\"og:url\" content=\"https:\/\/drlaurov.sk\/?page_id=67\" \/>\n<meta property=\"og:site_name\" content=\"Dr. Laurov\" \/>\n<meta property=\"article:modified_time\" content=\"2023-05-02T09:00:33+00:00\" \/>\n<meta name=\"twitter:card\" content=\"summary_large_image\" \/>\n<meta name=\"twitter:label1\" content=\"Predpokladan\u00fd \u010das \u010d\u00edtania\" \/>\n\t<meta name=\"twitter:data1\" content=\"1 min\u00fata\" \/>\n<script type=\"application\/ld+json\" class=\"yoast-schema-graph\">{\"@context\":\"https:\/\/schema.org\",\"@graph\":[{\"@type\":\"WebPage\",\"@id\":\"https:\/\/drlaurov.sk\/?page_id=67\",\"url\":\"https:\/\/drlaurov.sk\/?page_id=67\",\"name\":\"Dokumenty - Dr. Laurov\",\"isPartOf\":{\"@id\":\"https:\/\/drlaurov.sk\/#website\"},\"datePublished\":\"2023-05-02T09:00:32+00:00\",\"dateModified\":\"2023-05-02T09:00:33+00:00\",\"breadcrumb\":{\"@id\":\"https:\/\/drlaurov.sk\/?page_id=67#breadcrumb\"},\"inLanguage\":\"sk-SK\",\"potentialAction\":[{\"@type\":\"ReadAction\",\"target\":[\"https:\/\/drlaurov.sk\/?page_id=67\"]}]},{\"@type\":\"BreadcrumbList\",\"@id\":\"https:\/\/drlaurov.sk\/?page_id=67#breadcrumb\",\"itemListElement\":[{\"@type\":\"ListItem\",\"position\":1,\"name\":\"Home\",\"item\":\"https:\/\/drlaurov.sk\/\"},{\"@type\":\"ListItem\",\"position\":2,\"name\":\"Dokumenty\"}]},{\"@type\":\"WebSite\",\"@id\":\"https:\/\/drlaurov.sk\/#website\",\"url\":\"https:\/\/drlaurov.sk\/\",\"name\":\"Dr. Laurov\",\"description\":\"V\u0161eobecn\u00fd lek\u00e1r pre dospel\u00fdch\",\"potentialAction\":[{\"@type\":\"SearchAction\",\"target\":{\"@type\":\"EntryPoint\",\"urlTemplate\":\"https:\/\/drlaurov.sk\/?s={search_term_string}\"},\"query-input\":\"required name=search_term_string\"}],\"inLanguage\":\"sk-SK\"}]}<\/script>\n<!-- \/ Yoast SEO plugin. -->","yoast_head_json":{"title":"Dokumenty - Dr. Laurov","robots":{"index":"index","follow":"follow","max-snippet":"max-snippet:-1","max-image-preview":"max-image-preview:large","max-video-preview":"max-video-preview:-1"},"canonical":"https:\/\/drlaurov.sk\/?page_id=67","og_locale":"sk_SK","og_type":"article","og_title":"Dokumenty - Dr. Laurov","og_url":"https:\/\/drlaurov.sk\/?page_id=67","og_site_name":"Dr. Laurov","article_modified_time":"2023-05-02T09:00:33+00:00","twitter_card":"summary_large_image","twitter_misc":{"Predpokladan\u00fd \u010das \u010d\u00edtania":"1 min\u00fata"},"schema":{"@context":"https:\/\/schema.org","@graph":[{"@type":"WebPage","@id":"https:\/\/drlaurov.sk\/?page_id=67","url":"https:\/\/drlaurov.sk\/?page_id=67","name":"Dokumenty - Dr. Laurov","isPartOf":{"@id":"https:\/\/drlaurov.sk\/#website"},"datePublished":"2023-05-02T09:00:32+00:00","dateModified":"2023-05-02T09:00:33+00:00","breadcrumb":{"@id":"https:\/\/drlaurov.sk\/?page_id=67#breadcrumb"},"inLanguage":"sk-SK","potentialAction":[{"@type":"ReadAction","target":["https:\/\/drlaurov.sk\/?page_id=67"]}]},{"@type":"BreadcrumbList","@id":"https:\/\/drlaurov.sk\/?page_id=67#breadcrumb","itemListElement":[{"@type":"ListItem","position":1,"name":"Home","item":"https:\/\/drlaurov.sk\/"},{"@type":"ListItem","position":2,"name":"Dokumenty"}]},{"@type":"WebSite","@id":"https:\/\/drlaurov.sk\/#website","url":"https:\/\/drlaurov.sk\/","name":"Dr. Laurov","description":"V\u0161eobecn\u00fd lek\u00e1r pre dospel\u00fdch","potentialAction":[{"@type":"SearchAction","target":{"@type":"EntryPoint","urlTemplate":"https:\/\/drlaurov.sk\/?s={search_term_string}"},"query-input":"required name=search_term_string"}],"inLanguage":"sk-SK"}]}},"_links":{"self":[{"href":"https:\/\/drlaurov.sk\/index.php?rest_route=\/wp\/v2\/pages\/67"}],"collection":[{"href":"https:\/\/drlaurov.sk\/index.php?rest_route=\/wp\/v2\/pages"}],"about":[{"href":"https:\/\/drlaurov.sk\/index.php?rest_route=\/wp\/v2\/types\/page"}],"author":[{"embeddable":true,"href":"https:\/\/drlaurov.sk\/index.php?rest_route=\/wp\/v2\/users\/1"}],"replies":[{"embeddable":true,"href":"https:\/\/drlaurov.sk\/index.php?rest_route=%2Fwp%2Fv2%2Fcomments&post=67"}],"version-history":[{"count":1,"href":"https:\/\/drlaurov.sk\/index.php?rest_route=\/wp\/v2\/pages\/67\/revisions"}],"predecessor-version":[{"id":72,"href":"https:\/\/drlaurov.sk\/index.php?rest_route=\/wp\/v2\/pages\/67\/revisions\/72"}],"wp:attachment":[{"href":"https:\/\/drlaurov.sk\/index.php?rest_route=%2Fwp%2Fv2%2Fmedia&parent=67"}],"curies":[{"name":"wp","href":"https:\/\/api.w.org\/{rel}","templated":true}]}}