{"id":42,"date":"2023-05-02T10:08:21","date_gmt":"2023-05-02T08:08:21","guid":{"rendered":"https:\/\/drlaurov.sk\/?page_id=42"},"modified":"2023-05-03T16:30:55","modified_gmt":"2023-05-03T14:30:55","slug":"kontakt","status":"publish","type":"page","link":"https:\/\/drlaurov.sk\/?page_id=42","title":{"rendered":"Kontakt"},"content":{"rendered":"\r\n<p class=\"has-text-align-center\">Ambulancia v\u0161eobecn\u00e9ho lek\u00e1ra pre dospel\u00fdch<\/p>\r\n\r\n\r\n\r\n<p class=\"has-text-align-center\">PLZCH s.r.o.<\/p>\r\n\r\n\r\n\r\n<p>Lek\u00e1r: MUDr. Pavol Laurov<\/p>\r\n\r\n\r\n\r\n<p>Sestra: Mariana Kri\u017eanov\u00e1<\/p>\r\n<p class=\"light\">0904 555\u00a0373<\/p>\r\n\r\n\r\n\r\n<p>&nbsp;<\/p>\r\n\r\n\r\n\r\n<p>Adresa ambulancie: Poliklinika, Bernol\u00e1kova 2042\/24, 953 01 Zlat\u00e9 Moravce<\/p>\r\n\r\n\r\n\r\n<p>(1.posch., b\u00fdval\u00e1 ambulancia MUDr. M\u00e1\u010daja)<\/p>\r\n\r\n\r\n\r\n<p>&nbsp;<\/p>\r\n\r\n\r\n\r\n<div class=\"wpforms-container wpforms-container-full wpforms-render-modern\" id=\"wpforms-180\"><form id=\"wpforms-form-180\" class=\"wpforms-validate wpforms-form wpforms-ajax-form\" data-formid=\"180\" method=\"post\" enctype=\"multipart\/form-data\" action=\"\/index.php?rest_route=%2Fwp%2Fv2%2Fpages%2F42\" data-token=\"eca90031fffc609c250912cdf8063842\"><noscript class=\"wpforms-error-noscript\">Please enable JavaScript in your browser to complete this form.<\/noscript><div class=\"wpforms-hidden\" id=\"wpforms-error-noscript\">Please enable JavaScript in your browser to complete this form.<\/div><div class=\"wpforms-field-container\"><div id=\"wpforms-180-field_0-container\" class=\"wpforms-field wpforms-field-name\" data-field-id=\"0\"><label class=\"wpforms-field-label\" for=\"wpforms-180-field_0\">Va\u0161e meno <span class=\"wpforms-required-label\" aria-hidden=\"true\">*<\/span><\/label><input type=\"text\" id=\"wpforms-180-field_0\" class=\"wpforms-field-medium wpforms-field-required\" name=\"wpforms[fields][0]\" aria-errormessage=\"wpforms-180-field_0-error\" required><\/div><div id=\"wpforms-180-field_1-container\" class=\"wpforms-field wpforms-field-email\" data-field-id=\"1\"><label class=\"wpforms-field-label\" for=\"wpforms-180-field_1\">V\u00e1\u0161 e-mail <span class=\"wpforms-required-label\" aria-hidden=\"true\">*<\/span><\/label><input type=\"email\" id=\"wpforms-180-field_1\" class=\"wpforms-field-medium wpforms-field-required\" name=\"wpforms[fields][1]\" spellcheck=\"false\" aria-errormessage=\"wpforms-180-field_1-error\" required><\/div><div id=\"wpforms-180-field_2-container\" class=\"wpforms-field wpforms-field-textarea\" data-field-id=\"2\"><label class=\"wpforms-field-label\" for=\"wpforms-180-field_2\">Va\u0161a spr\u00e1va<\/label><textarea id=\"wpforms-180-field_2\" class=\"wpforms-field-medium\" name=\"wpforms[fields][2]\" aria-errormessage=\"wpforms-180-field_2-error\" ><\/textarea><\/div><\/div><!-- .wpforms-field-container --><div class=\"wpforms-submit-container\" ><input type=\"hidden\" name=\"wpforms[id]\" value=\"180\"><input type=\"hidden\" name=\"wpforms[author]\" value=\"1\"><button type=\"submit\" name=\"wpforms[submit]\" id=\"wpforms-submit-180\" class=\"wpforms-submit\" data-alt-text=\"Sending...\" data-submit-text=\"Odosla\u0165\" aria-live=\"assertive\" value=\"wpforms-submit\">Odosla\u0165<\/button><img src=\"https:\/\/drlaurov.sk\/wp-content\/plugins\/wpforms-lite\/assets\/images\/submit-spin.svg\" class=\"wpforms-submit-spinner\" style=\"display: none;\" width=\"26\" height=\"26\" alt=\"Loading\"><\/div><\/form><\/div>  <!-- .wpforms-container -->\r\n\r\n\r\n\r\n<p>&nbsp;<\/p>\r\n\r\n\r\n\r\n<p>Poskytovate\u013e ZS:\u00a0 PLZCH s.r.o.<\/p>\r\n\r\n\r\n\r\n<p>\u00a0 \u00a0 \u00a0 \u00a0 \u00a0 \u00a0 \u00a0 \u00a0 \u00a0 \u00a0 \u00a0 \u00a0 \u00a0 \u00a0 \u00a0 Chyzeroveck\u00e1 16, 953 01 Zlat\u00e9 Moravce<\/p>\r\n\r\n\r\n\r\n<p>\u00a0 \u00a0 \u00a0 \u00a0 \u00a0 \u00a0 \u00a0 \u00a0 \u00a0 \u00a0 \u00a0 \u00a0 \u00a0 \u00a0 \u00a0 I\u010cO: 55\u00a0055\u00a0915<\/p>\r\n\r\n\r\n\r\n<p>\u00a0 \u00a0 \u00a0 \u00a0 \u00a0 \u00a0 \u00a0 \u00a0 \u00a0 \u00a0 \u00a0 \u00a0 \u00a0 \u00a0 \u00a0 DI\u010c: 2121851655<\/p>\r\n","protected":false},"excerpt":{"rendered":"<p>Ambulancia v\u0161eobecn\u00e9ho lek\u00e1ra pre dospel\u00fdch PLZCH s.r.o. Lek\u00e1r: MUDr. Pavol Laurov Sestra: Mariana Kri\u017eanov\u00e1 0904 555\u00a0373 &nbsp; Adresa ambulancie: Poliklinika, Bernol\u00e1kova 2042\/24, 953 01 Zlat\u00e9 Moravce (1.posch., b\u00fdval\u00e1 ambulancia MUDr. M\u00e1\u010daja) &nbsp; &nbsp; Poskytovate\u013e ZS:\u00a0 PLZCH s.r.o. \u00a0 \u00a0 \u00a0 \u00a0 \u00a0 \u00a0 \u00a0 \u00a0 \u00a0 \u00a0 \u00a0 \u00a0 \u00a0 \u00a0 \u00a0 Chyzeroveck\u00e1 16, 953<\/p>\n","protected":false},"author":1,"featured_media":0,"parent":0,"menu_order":0,"comment_status":"closed","ping_status":"closed","template":"","meta":{"_mi_skip_tracking":false},"yoast_head":"<!-- This site is optimized with the Yoast SEO plugin v20.5 - https:\/\/yoast.com\/wordpress\/plugins\/seo\/ -->\n<title>Kontakt - Dr. Laurov<\/title>\n<meta name=\"robots\" content=\"index, follow, max-snippet:-1, max-image-preview:large, max-video-preview:-1\" \/>\n<link rel=\"canonical\" href=\"https:\/\/drlaurov.sk\/?page_id=42\" \/>\n<meta property=\"og:locale\" content=\"sk_SK\" \/>\n<meta property=\"og:type\" content=\"article\" \/>\n<meta property=\"og:title\" content=\"Kontakt - Dr. Laurov\" \/>\n<meta property=\"og:description\" content=\"Ambulancia v\u0161eobecn\u00e9ho lek\u00e1ra pre dospel\u00fdch PLZCH s.r.o. Lek\u00e1r: MUDr. Pavol Laurov Sestra: Mariana Kri\u017eanov\u00e1 0904 555\u00a0373 &nbsp; Adresa ambulancie: Poliklinika, Bernol\u00e1kova 2042\/24, 953 01 Zlat\u00e9 Moravce (1.posch., b\u00fdval\u00e1 ambulancia MUDr. M\u00e1\u010daja) &nbsp; &nbsp; Poskytovate\u013e ZS:\u00a0 PLZCH s.r.o. \u00a0 \u00a0 \u00a0 \u00a0 \u00a0 \u00a0 \u00a0 \u00a0 \u00a0 \u00a0 \u00a0 \u00a0 \u00a0 \u00a0 \u00a0 Chyzeroveck\u00e1 16, 953\" \/>\n<meta property=\"og:url\" content=\"https:\/\/drlaurov.sk\/?page_id=42\" \/>\n<meta property=\"og:site_name\" content=\"Dr. Laurov\" \/>\n<meta property=\"article:modified_time\" content=\"2023-05-03T14:30:55+00:00\" \/>\n<meta name=\"twitter:card\" content=\"summary_large_image\" \/>\n<meta name=\"twitter:label1\" content=\"Predpokladan\u00fd \u010das \u010d\u00edtania\" \/>\n\t<meta name=\"twitter:data1\" content=\"1 min\u00fata\" \/>\n<script type=\"application\/ld+json\" class=\"yoast-schema-graph\">{\"@context\":\"https:\/\/schema.org\",\"@graph\":[{\"@type\":\"WebPage\",\"@id\":\"https:\/\/drlaurov.sk\/?page_id=42\",\"url\":\"https:\/\/drlaurov.sk\/?page_id=42\",\"name\":\"Kontakt - Dr. Laurov\",\"isPartOf\":{\"@id\":\"https:\/\/drlaurov.sk\/#website\"},\"datePublished\":\"2023-05-02T08:08:21+00:00\",\"dateModified\":\"2023-05-03T14:30:55+00:00\",\"breadcrumb\":{\"@id\":\"https:\/\/drlaurov.sk\/?page_id=42#breadcrumb\"},\"inLanguage\":\"sk-SK\",\"potentialAction\":[{\"@type\":\"ReadAction\",\"target\":[\"https:\/\/drlaurov.sk\/?page_id=42\"]}]},{\"@type\":\"BreadcrumbList\",\"@id\":\"https:\/\/drlaurov.sk\/?page_id=42#breadcrumb\",\"itemListElement\":[{\"@type\":\"ListItem\",\"position\":1,\"name\":\"Home\",\"item\":\"https:\/\/drlaurov.sk\/\"},{\"@type\":\"ListItem\",\"position\":2,\"name\":\"Kontakt\"}]},{\"@type\":\"WebSite\",\"@id\":\"https:\/\/drlaurov.sk\/#website\",\"url\":\"https:\/\/drlaurov.sk\/\",\"name\":\"Dr. Laurov\",\"description\":\"V\u0161eobecn\u00fd lek\u00e1r pre dospel\u00fdch\",\"potentialAction\":[{\"@type\":\"SearchAction\",\"target\":{\"@type\":\"EntryPoint\",\"urlTemplate\":\"https:\/\/drlaurov.sk\/?s={search_term_string}\"},\"query-input\":\"required name=search_term_string\"}],\"inLanguage\":\"sk-SK\"}]}<\/script>\n<!-- \/ Yoast SEO plugin. -->","yoast_head_json":{"title":"Kontakt - Dr. Laurov","robots":{"index":"index","follow":"follow","max-snippet":"max-snippet:-1","max-image-preview":"max-image-preview:large","max-video-preview":"max-video-preview:-1"},"canonical":"https:\/\/drlaurov.sk\/?page_id=42","og_locale":"sk_SK","og_type":"article","og_title":"Kontakt - Dr. Laurov","og_description":"Ambulancia v\u0161eobecn\u00e9ho lek\u00e1ra pre dospel\u00fdch PLZCH s.r.o. Lek\u00e1r: MUDr. Pavol Laurov Sestra: Mariana Kri\u017eanov\u00e1 0904 555\u00a0373 &nbsp; Adresa ambulancie: Poliklinika, Bernol\u00e1kova 2042\/24, 953 01 Zlat\u00e9 Moravce (1.posch., b\u00fdval\u00e1 ambulancia MUDr. M\u00e1\u010daja) &nbsp; &nbsp; Poskytovate\u013e ZS:\u00a0 PLZCH s.r.o. \u00a0 \u00a0 \u00a0 \u00a0 \u00a0 \u00a0 \u00a0 \u00a0 \u00a0 \u00a0 \u00a0 \u00a0 \u00a0 \u00a0 \u00a0 Chyzeroveck\u00e1 16, 953","og_url":"https:\/\/drlaurov.sk\/?page_id=42","og_site_name":"Dr. Laurov","article_modified_time":"2023-05-03T14:30:55+00:00","twitter_card":"summary_large_image","twitter_misc":{"Predpokladan\u00fd \u010das \u010d\u00edtania":"1 min\u00fata"},"schema":{"@context":"https:\/\/schema.org","@graph":[{"@type":"WebPage","@id":"https:\/\/drlaurov.sk\/?page_id=42","url":"https:\/\/drlaurov.sk\/?page_id=42","name":"Kontakt - Dr. Laurov","isPartOf":{"@id":"https:\/\/drlaurov.sk\/#website"},"datePublished":"2023-05-02T08:08:21+00:00","dateModified":"2023-05-03T14:30:55+00:00","breadcrumb":{"@id":"https:\/\/drlaurov.sk\/?page_id=42#breadcrumb"},"inLanguage":"sk-SK","potentialAction":[{"@type":"ReadAction","target":["https:\/\/drlaurov.sk\/?page_id=42"]}]},{"@type":"BreadcrumbList","@id":"https:\/\/drlaurov.sk\/?page_id=42#breadcrumb","itemListElement":[{"@type":"ListItem","position":1,"name":"Home","item":"https:\/\/drlaurov.sk\/"},{"@type":"ListItem","position":2,"name":"Kontakt"}]},{"@type":"WebSite","@id":"https:\/\/drlaurov.sk\/#website","url":"https:\/\/drlaurov.sk\/","name":"Dr. Laurov","description":"V\u0161eobecn\u00fd lek\u00e1r pre dospel\u00fdch","potentialAction":[{"@type":"SearchAction","target":{"@type":"EntryPoint","urlTemplate":"https:\/\/drlaurov.sk\/?s={search_term_string}"},"query-input":"required name=search_term_string"}],"inLanguage":"sk-SK"}]}},"_links":{"self":[{"href":"https:\/\/drlaurov.sk\/index.php?rest_route=\/wp\/v2\/pages\/42"}],"collection":[{"href":"https:\/\/drlaurov.sk\/index.php?rest_route=\/wp\/v2\/pages"}],"about":[{"href":"https:\/\/drlaurov.sk\/index.php?rest_route=\/wp\/v2\/types\/page"}],"author":[{"embeddable":true,"href":"https:\/\/drlaurov.sk\/index.php?rest_route=\/wp\/v2\/users\/1"}],"replies":[{"embeddable":true,"href":"https:\/\/drlaurov.sk\/index.php?rest_route=%2Fwp%2Fv2%2Fcomments&post=42"}],"version-history":[{"count":5,"href":"https:\/\/drlaurov.sk\/index.php?rest_route=\/wp\/v2\/pages\/42\/revisions"}],"predecessor-version":[{"id":189,"href":"https:\/\/drlaurov.sk\/index.php?rest_route=\/wp\/v2\/pages\/42\/revisions\/189"}],"wp:attachment":[{"href":"https:\/\/drlaurov.sk\/index.php?rest_route=%2Fwp%2Fv2%2Fmedia&parent=42"}],"curies":[{"name":"wp","href":"https:\/\/api.w.org\/{rel}","templated":true}]}}