{"id":38,"date":"2023-05-02T10:04:30","date_gmt":"2023-05-02T08:04:30","guid":{"rendered":"https:\/\/drlaurov.sk\/?page_id=38"},"modified":"2023-05-02T10:04:31","modified_gmt":"2023-05-02T08:04:31","slug":"zdravotna-starostlivost","status":"publish","type":"page","link":"https:\/\/drlaurov.sk\/?page_id=38","title":{"rendered":"Zdravotn\u00e1 starostlivos\u0165"},"content":{"rendered":"\n<p>Poskytujeme:<\/p>\n\n\n\n<ul>\n<li>komplexn\u00fd pr\u00edstup k&nbsp;Va\u0161\u00edm zdravotn\u00fdm probl\u00e9mom<\/li>\n\n\n\n<li>celkov\u00fd preh\u013ead o&nbsp;Va\u0161om zdravotnom stave<\/li>\n\n\n\n<li>pravideln\u00e9 prevent\u00edvne prehliadky<\/li>\n\n\n\n<li>predopera\u010dn\u00e9 vy\u0161etrenie u&nbsp;pacientov s&nbsp;n\u00edzkym opera\u010dn\u00fdm rizikom<\/li>\n\n\n\n<li>modern\u00e1 diagnostika, lie\u010dba a&nbsp;spolupr\u00e1ca so \u0161pecialistami<\/li>\n\n\n\n<li>kvalitn\u00e9 pr\u00edstrojov\u00e9 vybavenie ako napr. EKG a&nbsp;CRP, ktor\u00e9 n\u00e1m pom\u00e1haj\u00fa efekt\u00edvne diagnostikova\u0165 V\u00e1\u0161 zdravotn\u00fd stav<\/li>\n\n\n\n<li>pravideln\u00e9 o\u010dkovanie proti tetanu, o\u010dkovanie proti chr\u00edpke, pneumokokom<\/li>\n\n\n\n<li>\u013eudsk\u00fd pr\u00edstup, re\u0161pekt, ochota<\/li>\n<\/ul>\n","protected":false},"excerpt":{"rendered":"<p>Poskytujeme:<\/p>\n","protected":false},"author":1,"featured_media":0,"parent":0,"menu_order":0,"comment_status":"closed","ping_status":"closed","template":"","meta":{"_mi_skip_tracking":false},"yoast_head":"<!-- This site is optimized with the Yoast SEO plugin v20.5 - https:\/\/yoast.com\/wordpress\/plugins\/seo\/ -->\n<title>Zdravotn\u00e1 starostlivos\u0165 - Dr. Laurov<\/title>\n<meta name=\"robots\" content=\"index, follow, max-snippet:-1, max-image-preview:large, max-video-preview:-1\" \/>\n<link rel=\"canonical\" href=\"https:\/\/drlaurov.sk\/?page_id=38\" \/>\n<meta property=\"og:locale\" content=\"sk_SK\" \/>\n<meta property=\"og:type\" content=\"article\" \/>\n<meta property=\"og:title\" content=\"Zdravotn\u00e1 starostlivos\u0165 - Dr. Laurov\" \/>\n<meta property=\"og:description\" content=\"Poskytujeme:\" \/>\n<meta property=\"og:url\" content=\"https:\/\/drlaurov.sk\/?page_id=38\" \/>\n<meta property=\"og:site_name\" content=\"Dr. Laurov\" \/>\n<meta property=\"article:modified_time\" content=\"2023-05-02T08:04:31+00:00\" \/>\n<meta name=\"twitter:card\" content=\"summary_large_image\" \/>\n<meta name=\"twitter:label1\" content=\"Predpokladan\u00fd \u010das \u010d\u00edtania\" \/>\n\t<meta name=\"twitter:data1\" content=\"1 min\u00fata\" \/>\n<script type=\"application\/ld+json\" class=\"yoast-schema-graph\">{\"@context\":\"https:\/\/schema.org\",\"@graph\":[{\"@type\":\"WebPage\",\"@id\":\"https:\/\/drlaurov.sk\/?page_id=38\",\"url\":\"https:\/\/drlaurov.sk\/?page_id=38\",\"name\":\"Zdravotn\u00e1 starostlivos\u0165 - Dr. Laurov\",\"isPartOf\":{\"@id\":\"https:\/\/drlaurov.sk\/#website\"},\"datePublished\":\"2023-05-02T08:04:30+00:00\",\"dateModified\":\"2023-05-02T08:04:31+00:00\",\"breadcrumb\":{\"@id\":\"https:\/\/drlaurov.sk\/?page_id=38#breadcrumb\"},\"inLanguage\":\"sk-SK\",\"potentialAction\":[{\"@type\":\"ReadAction\",\"target\":[\"https:\/\/drlaurov.sk\/?page_id=38\"]}]},{\"@type\":\"BreadcrumbList\",\"@id\":\"https:\/\/drlaurov.sk\/?page_id=38#breadcrumb\",\"itemListElement\":[{\"@type\":\"ListItem\",\"position\":1,\"name\":\"Home\",\"item\":\"https:\/\/drlaurov.sk\/\"},{\"@type\":\"ListItem\",\"position\":2,\"name\":\"Zdravotn\u00e1 starostlivos\u0165\"}]},{\"@type\":\"WebSite\",\"@id\":\"https:\/\/drlaurov.sk\/#website\",\"url\":\"https:\/\/drlaurov.sk\/\",\"name\":\"Dr. Laurov\",\"description\":\"V\u0161eobecn\u00fd lek\u00e1r pre dospel\u00fdch\",\"potentialAction\":[{\"@type\":\"SearchAction\",\"target\":{\"@type\":\"EntryPoint\",\"urlTemplate\":\"https:\/\/drlaurov.sk\/?s={search_term_string}\"},\"query-input\":\"required name=search_term_string\"}],\"inLanguage\":\"sk-SK\"}]}<\/script>\n<!-- \/ Yoast SEO plugin. -->","yoast_head_json":{"title":"Zdravotn\u00e1 starostlivos\u0165 - Dr. Laurov","robots":{"index":"index","follow":"follow","max-snippet":"max-snippet:-1","max-image-preview":"max-image-preview:large","max-video-preview":"max-video-preview:-1"},"canonical":"https:\/\/drlaurov.sk\/?page_id=38","og_locale":"sk_SK","og_type":"article","og_title":"Zdravotn\u00e1 starostlivos\u0165 - Dr. Laurov","og_description":"Poskytujeme:","og_url":"https:\/\/drlaurov.sk\/?page_id=38","og_site_name":"Dr. Laurov","article_modified_time":"2023-05-02T08:04:31+00:00","twitter_card":"summary_large_image","twitter_misc":{"Predpokladan\u00fd \u010das \u010d\u00edtania":"1 min\u00fata"},"schema":{"@context":"https:\/\/schema.org","@graph":[{"@type":"WebPage","@id":"https:\/\/drlaurov.sk\/?page_id=38","url":"https:\/\/drlaurov.sk\/?page_id=38","name":"Zdravotn\u00e1 starostlivos\u0165 - Dr. Laurov","isPartOf":{"@id":"https:\/\/drlaurov.sk\/#website"},"datePublished":"2023-05-02T08:04:30+00:00","dateModified":"2023-05-02T08:04:31+00:00","breadcrumb":{"@id":"https:\/\/drlaurov.sk\/?page_id=38#breadcrumb"},"inLanguage":"sk-SK","potentialAction":[{"@type":"ReadAction","target":["https:\/\/drlaurov.sk\/?page_id=38"]}]},{"@type":"BreadcrumbList","@id":"https:\/\/drlaurov.sk\/?page_id=38#breadcrumb","itemListElement":[{"@type":"ListItem","position":1,"name":"Home","item":"https:\/\/drlaurov.sk\/"},{"@type":"ListItem","position":2,"name":"Zdravotn\u00e1 starostlivos\u0165"}]},{"@type":"WebSite","@id":"https:\/\/drlaurov.sk\/#website","url":"https:\/\/drlaurov.sk\/","name":"Dr. Laurov","description":"V\u0161eobecn\u00fd lek\u00e1r pre dospel\u00fdch","potentialAction":[{"@type":"SearchAction","target":{"@type":"EntryPoint","urlTemplate":"https:\/\/drlaurov.sk\/?s={search_term_string}"},"query-input":"required name=search_term_string"}],"inLanguage":"sk-SK"}]}},"_links":{"self":[{"href":"https:\/\/drlaurov.sk\/index.php?rest_route=\/wp\/v2\/pages\/38"}],"collection":[{"href":"https:\/\/drlaurov.sk\/index.php?rest_route=\/wp\/v2\/pages"}],"about":[{"href":"https:\/\/drlaurov.sk\/index.php?rest_route=\/wp\/v2\/types\/page"}],"author":[{"embeddable":true,"href":"https:\/\/drlaurov.sk\/index.php?rest_route=\/wp\/v2\/users\/1"}],"replies":[{"embeddable":true,"href":"https:\/\/drlaurov.sk\/index.php?rest_route=%2Fwp%2Fv2%2Fcomments&post=38"}],"version-history":[{"count":1,"href":"https:\/\/drlaurov.sk\/index.php?rest_route=\/wp\/v2\/pages\/38\/revisions"}],"predecessor-version":[{"id":39,"href":"https:\/\/drlaurov.sk\/index.php?rest_route=\/wp\/v2\/pages\/38\/revisions\/39"}],"wp:attachment":[{"href":"https:\/\/drlaurov.sk\/index.php?rest_route=%2Fwp%2Fv2%2Fmedia&parent=38"}],"curies":[{"name":"wp","href":"https:\/\/api.w.org\/{rel}","templated":true}]}}